{"id":698,"date":"2025-05-15T10:44:26","date_gmt":"2025-05-15T08:44:26","guid":{"rendered":"https:\/\/thewheelsflorence.com\/cipria\/"},"modified":"2025-11-10T08:59:45","modified_gmt":"2025-11-10T07:59:45","slug":"cipria","status":"publish","type":"page","link":"https:\/\/thewheelsflorence.com\/es\/cipria\/","title":{"rendered":"Cipria"},"content":{"rendered":"<p>[et_pb_section fb_built=\u00bb1&#8243; fullwidth=\u00bbon\u00bb _builder_version=\u00bb4.27.4&#8243; _module_preset=\u00bbdefault\u00bb background_color=\u00bb#000000&#8243; global_colors_info=\u00bb{}\u00bb][et_pb_fullwidth_slider _builder_version=\u00bb4.27.4&#8243; _module_preset=\u00bbdefault\u00bb header_font_size=\u00bb5em\u00bb content_width=\u00bb100%\u00bb height=\u00bb90vh\u00bb height_tablet=\u00bb60vh\u00bb height_phone=\u00bb80vh\u00bb height_last_edited=\u00bbon|phone\u00bb header_font_size_tablet=\u00bb5em\u00bb header_font_size_phone=\u00bb4em\u00bb header_font_size_last_edited=\u00bbon|phone\u00bb global_colors_info=\u00bb{}\u00bb][et_pb_slide heading=\u00bbCipria\u00bb _builder_version=\u00bb4.27.4&#8243; _module_preset=\u00bbdefault\u00bb header_font_size=\u00bb9em\u00bb background_enable_color=\u00bboff\u00bb background_image=\u00bbhttps:\/\/thewheelsflorence.com\/wp-content\/uploads\/2025\/07\/Cipria5-compress.jpg\u00bb background_enable_image=\u00bbon\u00bb background_blend=\u00bboverlay\u00bb text_orientation=\u00bbleft\u00bb header_font_size_tablet=\u00bb9em\u00bb header_font_size_phone=\u00bb6em\u00bb header_font_size_last_edited=\u00bbon|phone\u00bb header_text_shadow_style=\u00bbpreset1&#8243; header_text_shadow_vertical_length=\u00bb0em\u00bb header_text_shadow_blur_strength=\u00bb0em\u00bb header_text_shadow_color=\u00bbRGBA(255,255,255,0)\u00bb global_colors_info=\u00bb{}\u00bb sticky_transition=\u00bbon\u00bb][\/et_pb_slide][et_pb_slide _builder_version=\u00bb4.27.4&#8243; _module_preset=\u00bbdefault\u00bb header_font_size=\u00bb5em\u00bb background_enable_color=\u00bbon\u00bb background_image=\u00bbhttps:\/\/thewheelsflorence.com\/wp-content\/uploads\/2025\/07\/Cipria3-compress.jpg\u00bb background_enable_image=\u00bbon\u00bb text_orientation=\u00bbleft\u00bb header_text_shadow_style=\u00bbpreset1&#8243; header_text_shadow_vertical_length=\u00bb0em\u00bb header_text_shadow_blur_strength=\u00bb0em\u00bb header_text_shadow_color=\u00bbRGBA(255,255,255,0)\u00bb global_colors_info=\u00bb{}\u00bb sticky_transition=\u00bbon\u00bb][\/et_pb_slide][et_pb_slide _builder_version=\u00bb4.27.4&#8243; _module_preset=\u00bbdefault\u00bb header_font_size=\u00bb5em\u00bb background_enable_color=\u00bbon\u00bb background_image=\u00bbhttps:\/\/thewheelsflorence.com\/wp-content\/uploads\/2025\/07\/Cipria2-cut.jpg\u00bb background_enable_image=\u00bbon\u00bb text_orientation=\u00bbleft\u00bb header_text_shadow_style=\u00bbpreset1&#8243; header_text_shadow_vertical_length=\u00bb0em\u00bb header_text_shadow_blur_strength=\u00bb0em\u00bb header_text_shadow_color=\u00bbRGBA(255,255,255,0)\u00bb global_colors_info=\u00bb{}\u00bb sticky_transition=\u00bbon\u00bb][\/et_pb_slide][\/et_pb_fullwidth_slider][\/et_pb_section][et_pb_section fb_built=\u00bb1&#8243; _builder_version=\u00bb4.27.4&#8243; _module_preset=\u00bbdefault\u00bb background_color=\u00bb#000000&#8243; global_colors_info=\u00bb{}\u00bb][et_pb_row column_structure=\u00bb1_4,1_4,1_4,1_4&#8243; module_class=\u00bbservizi-camera\u00bb _builder_version=\u00bb4.27.4&#8243; _module_preset=\u00bbdefault\u00bb custom_padding=\u00bb||0px||false|false\u00bb global_colors_info=\u00bb{}\u00bb][et_pb_column type=\u00bb1_4&#8243; _builder_version=\u00bb4.27.4&#8243; _module_preset=\u00bbdefault\u00bb global_colors_info=\u00bb{}\u00bb][et_pb_blurb title=\u00bb16m\u00b2\u00bb image=\u00bbhttps:\/\/thewheelsflorence.com\/wp-content\/uploads\/2025\/05\/icon-metri-cipria.png\u00bb image_icon_width=\u00bb45px\u00bb content_max_width=\u00bb100%\u00bb _builder_version=\u00bb4.27.4&#8243; _module_preset=\u00bbdefault\u00bb header_text_align=\u00bbcenter\u00bb header_font_size=\u00bb18px\u00bb custom_padding=\u00bb3%||||false|false\u00bb header_text_align_last_edited=\u00bboff|desktop\u00bb border_radii=\u00bbon|10px|10px|10px|10px\u00bb border_color_all=\u00bb#FFFFFF\u00bb global_colors_info=\u00bb{}\u00bb][\/et_pb_blurb][\/et_pb_column][et_pb_column type=\u00bb1_4&#8243; _builder_version=\u00bb4.27.4&#8243; _module_preset=\u00bbdefault\u00bb global_colors_info=\u00bb{}\u00bb][et_pb_blurb title=\u00bbCabina de ducha\u00bb image=\u00bbhttps:\/\/thewheelsflorence.com\/wp-content\/uploads\/2025\/05\/icon-doccia-cipria.png\u00bb image_icon_width=\u00bb45px\u00bb content_max_width=\u00bb100%\u00bb _builder_version=\u00bb4.27.4&#8243; _module_preset=\u00bbdefault\u00bb header_text_align=\u00bbcenter\u00bb header_font_size=\u00bb18px\u00bb custom_padding=\u00bb3%||||false|false\u00bb border_radii=\u00bbon|10px|10px|10px|10px\u00bb border_color_all=\u00bb#FFFFFF\u00bb global_colors_info=\u00bb{}\u00bb][\/et_pb_blurb][\/et_pb_column][et_pb_column type=\u00bb1_4&#8243; _builder_version=\u00bb4.27.4&#8243; _module_preset=\u00bbdefault\u00bb global_colors_info=\u00bb{}\u00bb][et_pb_blurb title=\u00bbSecador de pelo\u00bb image=\u00bbhttps:\/\/thewheelsflorence.com\/wp-content\/uploads\/2025\/05\/icon-asciugacapelli-cipria.png\u00bb image_icon_width=\u00bb45px\u00bb content_max_width=\u00bb100%\u00bb _builder_version=\u00bb4.27.4&#8243; _module_preset=\u00bbdefault\u00bb header_text_align=\u00bbcenter\u00bb header_font_size=\u00bb18px\u00bb custom_padding=\u00bb3%||||false|false\u00bb border_radii=\u00bbon|10px|10px|10px|10px\u00bb border_color_all=\u00bb#FFFFFF\u00bb global_colors_info=\u00bb{}\u00bb][\/et_pb_blurb][\/et_pb_column][et_pb_column type=\u00bb1_4&#8243; _builder_version=\u00bb4.27.4&#8243; _module_preset=\u00bbdefault\u00bb global_colors_info=\u00bb{}\u00bb][et_pb_blurb title=\u00bbSin animales\u00bb image=\u00bbhttps:\/\/thewheelsflorence.com\/wp-content\/uploads\/2025\/05\/icon-noanimals-cipria.png\u00bb image_icon_width=\u00bb45px\u00bb content_max_width=\u00bb100%\u00bb _builder_version=\u00bb4.27.4&#8243; _module_preset=\u00bbdefault\u00bb header_text_align=\u00bbcenter\u00bb header_font_size=\u00bb18px\u00bb custom_padding=\u00bb3%||||false|false\u00bb border_radii=\u00bbon|10px|10px|10px|10px\u00bb border_color_all=\u00bb#FFFFFF\u00bb global_colors_info=\u00bb{}\u00bb][\/et_pb_blurb][\/et_pb_column][\/et_pb_row][et_pb_row column_structure=\u00bb1_4,1_4,1_4,1_4&#8243; module_class=\u00bbservizi-camera\u00bb _builder_version=\u00bb4.27.4&#8243; _module_preset=\u00bbdefault\u00bb global_colors_info=\u00bb{}\u00bb][et_pb_column type=\u00bb1_4&#8243; _builder_version=\u00bb4.27.4&#8243; _module_preset=\u00bbdefault\u00bb global_colors_info=\u00bb{}\u00bb][et_pb_blurb title=\u00bbBarra frigor\u00edfica\u00bb image=\u00bbhttps:\/\/thewheelsflorence.com\/wp-content\/uploads\/2025\/05\/icon-minibar-cipria.png\u00bb image_icon_width=\u00bb45px\u00bb content_max_width=\u00bb100%\u00bb _builder_version=\u00bb4.27.4&#8243; _module_preset=\u00bbdefault\u00bb header_text_align=\u00bbcenter\u00bb header_font_size=\u00bb18px\u00bb custom_padding=\u00bb3%||||false|false\u00bb border_radii=\u00bbon|10px|10px|10px|10px\u00bb border_color_all=\u00bb#FFFFFF\u00bb global_colors_info=\u00bb{}\u00bb][\/et_pb_blurb][\/et_pb_column][et_pb_column type=\u00bb1_4&#8243; _builder_version=\u00bb4.27.4&#8243; _module_preset=\u00bbdefault\u00bb global_colors_info=\u00bb{}\u00bb][et_pb_blurb title=\u00bbSmart TV\u00bb image=\u00bbhttps:\/\/thewheelsflorence.com\/wp-content\/uploads\/2025\/05\/icon-tv-cipria.png\u00bb image_icon_width=\u00bb45px\u00bb content_max_width=\u00bb100%\u00bb _builder_version=\u00bb4.27.4&#8243; _module_preset=\u00bbdefault\u00bb header_text_align=\u00bbcenter\u00bb header_font_size=\u00bb18px\u00bb custom_padding=\u00bb3%||||false|false\u00bb border_radii=\u00bbon|10px|10px|10px|10px\u00bb border_color_all=\u00bb#FFFFFF\u00bb global_colors_info=\u00bb{}\u00bb][\/et_pb_blurb][\/et_pb_column][et_pb_column type=\u00bb1_4&#8243; _builder_version=\u00bb4.27.4&#8243; _module_preset=\u00bbdefault\u00bb global_colors_info=\u00bb{}\u00bb][et_pb_blurb title=\u00bbWi-fi\u00bb image=\u00bbhttps:\/\/thewheelsflorence.com\/wp-content\/uploads\/2025\/05\/icon-wifi-cipria.png\u00bb image_icon_width=\u00bb45px\u00bb content_max_width=\u00bb100%\u00bb _builder_version=\u00bb4.27.4&#8243; _module_preset=\u00bbdefault\u00bb header_text_align=\u00bbcenter\u00bb header_font_size=\u00bb18px\u00bb custom_padding=\u00bb3%||||false|false\u00bb border_radii=\u00bbon|10px|10px|10px|10px\u00bb border_color_all=\u00bb#FFFFFF\u00bb global_colors_info=\u00bb{}\u00bb][\/et_pb_blurb][\/et_pb_column][et_pb_column type=\u00bb1_4&#8243; _builder_version=\u00bb4.27.4&#8243; _module_preset=\u00bbdefault\u00bb global_colors_info=\u00bb{}\u00bb][et_pb_blurb title=\u00bb+16&#8243; image=\u00bbhttps:\/\/thewheelsflorence.com\/wp-content\/uploads\/2025\/05\/icon-16-cipria.png\u00bb image_icon_width=\u00bb45px\u00bb content_max_width=\u00bb100%\u00bb _builder_version=\u00bb4.27.4&#8243; _module_preset=\u00bbdefault\u00bb header_text_align=\u00bbcenter\u00bb header_font_size=\u00bb18px\u00bb custom_padding=\u00bb3%||||false|false\u00bb border_radii=\u00bbon|10px|10px|10px|10px\u00bb border_color_all=\u00bb#FFFFFF\u00bb global_colors_info=\u00bb{}\u00bb][\/et_pb_blurb][\/et_pb_column][\/et_pb_row][\/et_pb_section][et_pb_section fb_built=\u00bb1&#8243; _builder_version=\u00bb4.27.4&#8243; _module_preset=\u00bbdefault\u00bb background_color=\u00bb#000000&#8243; custom_padding=\u00bb||||false|false\u00bb global_colors_info=\u00bb{}\u00bb][et_pb_row column_structure=\u00bb3_5,2_5&#8243; _builder_version=\u00bb4.27.4&#8243; _module_preset=\u00bbdefault\u00bb custom_padding=\u00bb0px||0px||true|false\u00bb global_colors_info=\u00bb{}\u00bb][et_pb_column type=\u00bb3_5&#8243; _builder_version=\u00bb4.27.4&#8243; _module_preset=\u00bbdefault\u00bb global_colors_info=\u00bb{}\u00bb][et_pb_text _builder_version=\u00bb4.27.4&#8243; _module_preset=\u00bbdefault\u00bb header_3_font_size=\u00bb30px\u00bb global_colors_info=\u00bb{}\u00bb]<\/p>\n<h3>Cipria &#8211; Habitaci\u00f3n Deluxe<\/h3>\n<p>Elegante, luminosa y espaciosa, nuestra Habitaci\u00f3n Doble Deluxe ofrece un toque extra de confort y estilo. Cuenta con una amplia cama doble, ba\u00f1o privado con ducha, aire acondicionado, TV de pantalla plana, Wi-Fi gratuito, set de cortes\u00eda y secador de pelo. La habitaci\u00f3n incluye tambi\u00e9n un peque\u00f1o espacio exterior privado con mesa y sillas, ideal para relajarse, desayunar o disfrutar de un momento de tranquilidad.<\/p>\n<p>Perfecta para quienes buscan una estancia c\u00f3moda con un toque refinado.<br \/>\n[\/et_pb_text][\/et_pb_column][et_pb_column type=\u00bb2_5&#8243; _builder_version=\u00bb4.27.4&#8243; _module_preset=\u00bbdefault\u00bb background_color=\u00bb#844D5D\u00bb custom_padding=\u00bb4%|4%|4%|4%|true|true\u00bb border_radii=\u00bbon|8px|8px|8px|8px\u00bb global_colors_info=\u00bb{}\u00bb][et_pb_text _builder_version=\u00bb4.27.4&#8243; _module_preset=\u00bbdefault\u00bb custom_margin=\u00bb||1px||false|false\u00bb global_colors_info=\u00bb{}\u00bb]<\/p>\n<h3>Desayuno incluido<\/h3>\n<p>[\/et_pb_text][et_pb_text _builder_version=\u00bb4.27.4&#8243; _module_preset=\u00bbdefault\u00bb global_colors_info=\u00bb{}\u00bb]Continental, italiano, vegetariano, sin gluten y estilo buffet<br \/>\n[\/et_pb_text][et_pb_button button_url=\u00bbhttps:\/\/thewheelsflorence.kross.travel\/en\u00bb url_new_window=\u00bbon\u00bb button_text=\u00bbReserva ahora\u00bb button_alignment=\u00bbcenter\u00bb _builder_version=\u00bb4.27.4&#8243; _module_preset=\u00bbdefault\u00bb custom_button=\u00bbon\u00bb button_text_color=\u00bb#844D5D\u00bb button_bg_color=\u00bb#FFFFFF\u00bb button_icon_color=\u00bb#844D5D\u00bb hover_enabled=\u00bb0&#8243; locked=\u00bboff\u00bb global_colors_info=\u00bb{}\u00bb button_text_color__hover_enabled=\u00bbon|desktop\u00bb button_text_color__hover=\u00bb#844D5D\u00bb sticky_enabled=\u00bb0&#8243;][\/et_pb_button][\/et_pb_column][\/et_pb_row][et_pb_row disabled_on=\u00bboff|off|off\u00bb _builder_version=\u00bb4.27.4&#8243; _module_preset=\u00bbdefault\u00bb global_colors_info=\u00bb{}\u00bb][et_pb_column type=\u00bb4_4&#8243; _builder_version=\u00bb4.27.4&#8243; _module_preset=\u00bbdefault\u00bb global_colors_info=\u00bb{}\u00bb][modula_gallery gallery_select=\u00bb429&#8243; _builder_version=\u00bb4.27.4&#8243; _module_preset=\u00bbdefault\u00bb global_colors_info=\u00bb{}\u00bb][\/modula_gallery][\/et_pb_column][\/et_pb_row][\/et_pb_section]<\/p>\n","protected":false},"excerpt":{"rendered":"<p>Cipria &#8211; Habitaci\u00f3n Deluxe Elegante, luminosa y espaciosa, nuestra Habitaci\u00f3n Doble Deluxe ofrece un toque extra de confort y estilo. Cuenta con una amplia cama doble, ba\u00f1o privado con ducha, aire acondicionado, TV de pantalla plana, Wi-Fi gratuito, set de cortes\u00eda y secador de pelo. La habitaci\u00f3n incluye tambi\u00e9n un peque\u00f1o espacio exterior privado con [&hellip;]<\/p>\n","protected":false},"author":1,"featured_media":0,"parent":0,"menu_order":0,"comment_status":"closed","ping_status":"closed","template":"","meta":{"_et_pb_use_builder":"on","_et_pb_old_content":"","_et_gb_content_width":"","inline_featured_image":false,"footnotes":""},"class_list":["post-698","page","type-page","status-publish","hentry"],"yoast_head":"<!-- This site is optimized with the Yoast SEO plugin v26.3 - https:\/\/yoast.com\/wordpress\/plugins\/seo\/ -->\n<title>Cipria - Elegancia y relax en el centro de Florencia<\/title>\n<meta name=\"description\" content=\"D\u00e9jate envolver por el suave encanto de la suite Cipria, un ambiente refinado y relajante en el vibrante coraz\u00f3n de Florencia.\" \/>\n<meta name=\"robots\" content=\"index, follow, max-snippet:-1, max-image-preview:large, max-video-preview:-1\" \/>\n<link rel=\"canonical\" href=\"https:\/\/thewheelsflorence.com\/es\/cipria\/\" \/>\n<meta property=\"og:locale\" content=\"es_ES\" \/>\n<meta property=\"og:type\" content=\"article\" \/>\n<meta property=\"og:title\" content=\"Cipria - Elegancia y relax en el centro de Florencia\" \/>\n<meta property=\"og:description\" content=\"D\u00e9jate envolver por el suave encanto de la suite Cipria, un ambiente refinado y relajante en el vibrante coraz\u00f3n de Florencia.\" \/>\n<meta property=\"og:url\" content=\"https:\/\/thewheelsflorence.com\/es\/cipria\/\" \/>\n<meta property=\"og:site_name\" content=\"B&amp;B The Wheels Florence\" \/>\n<meta property=\"article:modified_time\" content=\"2025-11-10T07:59:45+00:00\" \/>\n<meta name=\"twitter:card\" content=\"summary_large_image\" \/>\n<meta name=\"twitter:label1\" content=\"Tiempo de lectura\" \/>\n\t<meta name=\"twitter:data1\" content=\"2 minutos\" \/>\n<script type=\"application\/ld+json\" class=\"yoast-schema-graph\">{\"@context\":\"https:\/\/schema.org\",\"@graph\":[{\"@type\":\"WebPage\",\"@id\":\"https:\/\/thewheelsflorence.com\/es\/cipria\/\",\"url\":\"https:\/\/thewheelsflorence.com\/es\/cipria\/\",\"name\":\"Cipria - Elegancia y relax en el centro de Florencia\",\"isPartOf\":{\"@id\":\"https:\/\/thewheelsflorence.com\/es\/#website\"},\"datePublished\":\"2025-05-15T08:44:26+00:00\",\"dateModified\":\"2025-11-10T07:59:45+00:00\",\"description\":\"D\u00e9jate envolver por el suave encanto de la suite Cipria, un ambiente refinado y relajante en el vibrante coraz\u00f3n de Florencia.\",\"breadcrumb\":{\"@id\":\"https:\/\/thewheelsflorence.com\/es\/cipria\/#breadcrumb\"},\"inLanguage\":\"es\",\"potentialAction\":[{\"@type\":\"ReadAction\",\"target\":[\"https:\/\/thewheelsflorence.com\/es\/cipria\/\"]}]},{\"@type\":\"BreadcrumbList\",\"@id\":\"https:\/\/thewheelsflorence.com\/es\/cipria\/#breadcrumb\",\"itemListElement\":[{\"@type\":\"ListItem\",\"position\":1,\"name\":\"Home\",\"item\":\"https:\/\/thewheelsflorence.com\/es\/\"},{\"@type\":\"ListItem\",\"position\":2,\"name\":\"Cipria\"}]},{\"@type\":\"WebSite\",\"@id\":\"https:\/\/thewheelsflorence.com\/es\/#website\",\"url\":\"https:\/\/thewheelsflorence.com\/es\/\",\"name\":\"B&B The Wheels Florence\",\"description\":\"\",\"publisher\":{\"@id\":\"https:\/\/thewheelsflorence.com\/es\/#organization\"},\"potentialAction\":[{\"@type\":\"SearchAction\",\"target\":{\"@type\":\"EntryPoint\",\"urlTemplate\":\"https:\/\/thewheelsflorence.com\/es\/?s={search_term_string}\"},\"query-input\":{\"@type\":\"PropertyValueSpecification\",\"valueRequired\":true,\"valueName\":\"search_term_string\"}}],\"inLanguage\":\"es\"},{\"@type\":\"Organization\",\"@id\":\"https:\/\/thewheelsflorence.com\/es\/#organization\",\"name\":\"Shangri-La S.r.l.\",\"url\":\"https:\/\/thewheelsflorence.com\/es\/\",\"logo\":{\"@type\":\"ImageObject\",\"inLanguage\":\"es\",\"@id\":\"https:\/\/thewheelsflorence.com\/es\/#\/schema\/logo\/image\/\",\"url\":\"https:\/\/thewheelsflorence.com\/wp-content\/uploads\/2025\/04\/favicon.svg\",\"contentUrl\":\"https:\/\/thewheelsflorence.com\/wp-content\/uploads\/2025\/04\/favicon.svg\",\"width\":\"1024\",\"height\":\"1024\",\"caption\":\"Shangri-La S.r.l.\"},\"image\":{\"@id\":\"https:\/\/thewheelsflorence.com\/es\/#\/schema\/logo\/image\/\"},\"sameAs\":[\"https:\/\/www.instagram.com\/the_wheels_florence\/\"]}]}<\/script>\n<!-- \/ Yoast SEO plugin. -->","yoast_head_json":{"title":"Cipria - Elegancia y relax en el centro de Florencia","description":"D\u00e9jate envolver por el suave encanto de la suite Cipria, un ambiente refinado y relajante en el vibrante coraz\u00f3n de Florencia.","robots":{"index":"index","follow":"follow","max-snippet":"max-snippet:-1","max-image-preview":"max-image-preview:large","max-video-preview":"max-video-preview:-1"},"canonical":"https:\/\/thewheelsflorence.com\/es\/cipria\/","og_locale":"es_ES","og_type":"article","og_title":"Cipria - Elegancia y relax en el centro de Florencia","og_description":"D\u00e9jate envolver por el suave encanto de la suite Cipria, un ambiente refinado y relajante en el vibrante coraz\u00f3n de Florencia.","og_url":"https:\/\/thewheelsflorence.com\/es\/cipria\/","og_site_name":"B&amp;B The Wheels Florence","article_modified_time":"2025-11-10T07:59:45+00:00","twitter_card":"summary_large_image","twitter_misc":{"Tiempo de lectura":"2 minutos"},"schema":{"@context":"https:\/\/schema.org","@graph":[{"@type":"WebPage","@id":"https:\/\/thewheelsflorence.com\/es\/cipria\/","url":"https:\/\/thewheelsflorence.com\/es\/cipria\/","name":"Cipria - Elegancia y relax en el centro de Florencia","isPartOf":{"@id":"https:\/\/thewheelsflorence.com\/es\/#website"},"datePublished":"2025-05-15T08:44:26+00:00","dateModified":"2025-11-10T07:59:45+00:00","description":"D\u00e9jate envolver por el suave encanto de la suite Cipria, un ambiente refinado y relajante en el vibrante coraz\u00f3n de Florencia.","breadcrumb":{"@id":"https:\/\/thewheelsflorence.com\/es\/cipria\/#breadcrumb"},"inLanguage":"es","potentialAction":[{"@type":"ReadAction","target":["https:\/\/thewheelsflorence.com\/es\/cipria\/"]}]},{"@type":"BreadcrumbList","@id":"https:\/\/thewheelsflorence.com\/es\/cipria\/#breadcrumb","itemListElement":[{"@type":"ListItem","position":1,"name":"Home","item":"https:\/\/thewheelsflorence.com\/es\/"},{"@type":"ListItem","position":2,"name":"Cipria"}]},{"@type":"WebSite","@id":"https:\/\/thewheelsflorence.com\/es\/#website","url":"https:\/\/thewheelsflorence.com\/es\/","name":"B&B The Wheels Florence","description":"","publisher":{"@id":"https:\/\/thewheelsflorence.com\/es\/#organization"},"potentialAction":[{"@type":"SearchAction","target":{"@type":"EntryPoint","urlTemplate":"https:\/\/thewheelsflorence.com\/es\/?s={search_term_string}"},"query-input":{"@type":"PropertyValueSpecification","valueRequired":true,"valueName":"search_term_string"}}],"inLanguage":"es"},{"@type":"Organization","@id":"https:\/\/thewheelsflorence.com\/es\/#organization","name":"Shangri-La S.r.l.","url":"https:\/\/thewheelsflorence.com\/es\/","logo":{"@type":"ImageObject","inLanguage":"es","@id":"https:\/\/thewheelsflorence.com\/es\/#\/schema\/logo\/image\/","url":"https:\/\/thewheelsflorence.com\/wp-content\/uploads\/2025\/04\/favicon.svg","contentUrl":"https:\/\/thewheelsflorence.com\/wp-content\/uploads\/2025\/04\/favicon.svg","width":"1024","height":"1024","caption":"Shangri-La S.r.l."},"image":{"@id":"https:\/\/thewheelsflorence.com\/es\/#\/schema\/logo\/image\/"},"sameAs":["https:\/\/www.instagram.com\/the_wheels_florence\/"]}]}},"_links":{"self":[{"href":"https:\/\/thewheelsflorence.com\/es\/wp-json\/wp\/v2\/pages\/698","targetHints":{"allow":["GET"]}}],"collection":[{"href":"https:\/\/thewheelsflorence.com\/es\/wp-json\/wp\/v2\/pages"}],"about":[{"href":"https:\/\/thewheelsflorence.com\/es\/wp-json\/wp\/v2\/types\/page"}],"author":[{"embeddable":true,"href":"https:\/\/thewheelsflorence.com\/es\/wp-json\/wp\/v2\/users\/1"}],"replies":[{"embeddable":true,"href":"https:\/\/thewheelsflorence.com\/es\/wp-json\/wp\/v2\/comments?post=698"}],"version-history":[{"count":6,"href":"https:\/\/thewheelsflorence.com\/es\/wp-json\/wp\/v2\/pages\/698\/revisions"}],"predecessor-version":[{"id":853,"href":"https:\/\/thewheelsflorence.com\/es\/wp-json\/wp\/v2\/pages\/698\/revisions\/853"}],"wp:attachment":[{"href":"https:\/\/thewheelsflorence.com\/es\/wp-json\/wp\/v2\/media?parent=698"}],"curies":[{"name":"wp","href":"https:\/\/api.w.org\/{rel}","templated":true}]}}